{"id":22,"date":"2024-08-13T11:59:35","date_gmt":"2024-08-13T11:59:35","guid":{"rendered":"https:\/\/staynorth.wpenginepowered.com\/?page_id=22"},"modified":"2026-04-08T08:05:09","modified_gmt":"2026-04-08T08:05:09","slug":"contact-2","status":"publish","type":"page","link":"https:\/\/staynorth.no\/en\/kontakt\/","title":{"rendered":"Contact us"},"content":{"rendered":"<p>Email:\u00a0<a href=\"mailto:info@staynorth.no\" target=\"_blank\" rel=\"noopener noreferrer\">info@staynorth.no<\/a><\/p>\n<p>Telephone: <a href=\"tel:+4722222220\">+47 22 22 22 20<\/a><\/p>","protected":false},"excerpt":{"rendered":"<p>E-mail: info@staynorth.no Phone: +47 22 22 22 20<\/p>","protected":false},"author":1,"featured_media":643,"parent":0,"menu_order":0,"comment_status":"closed","ping_status":"closed","template":"","meta":{"_acf_changed":false,"footnotes":""},"class_list":["post-22","page","type-page","status-publish","has-post-thumbnail","hentry"],"acf":[],"yoast_head":"<!-- This site is optimized with the Yoast SEO plugin v27.3 - https:\/\/yoast.com\/product\/yoast-seo-wordpress\/ -->\n<title>Kontakt - Stay North<\/title>\n<meta name=\"description\" content=\"Trenger du hjelp? Kontakt Stay North for sp\u00f8rsm\u00e5l om v\u00e5re leiligheter. Vi er her for \u00e5 assistere deg. Mer plass, mer frihet.\" \/>\n<meta name=\"robots\" content=\"index, follow, max-snippet:-1, max-image-preview:large, max-video-preview:-1\" \/>\n<link rel=\"canonical\" href=\"https:\/\/staynorth.no\/en\/contact-2\/\" \/>\n<meta property=\"og:locale\" content=\"en_GB\" \/>\n<meta property=\"og:type\" content=\"article\" \/>\n<meta property=\"og:title\" content=\"Kontakt - Stay North\" \/>\n<meta property=\"og:description\" content=\"Trenger du hjelp? Kontakt Stay North for sp\u00f8rsm\u00e5l om v\u00e5re leiligheter. Vi er her for \u00e5 assistere deg. Mer plass, mer frihet.\" \/>\n<meta property=\"og:url\" content=\"https:\/\/staynorth.no\/en\/contact-2\/\" \/>\n<meta property=\"og:site_name\" content=\"Stay North\" \/>\n<meta property=\"article:modified_time\" content=\"2026-04-08T08:05:09+00:00\" \/>\n<meta property=\"og:image\" content=\"https:\/\/staynorth.no\/wp-content\/uploads\/2026\/04\/286550_Gronnegata-130-WEB.jpg\" \/>\n\t<meta property=\"og:image:width\" content=\"1800\" \/>\n\t<meta property=\"og:image:height\" content=\"1442\" \/>\n\t<meta property=\"og:image:type\" content=\"image\/jpeg\" \/>\n<meta name=\"twitter:card\" content=\"summary_large_image\" \/>\n<meta name=\"twitter:label1\" content=\"Estimated reading time\" \/>\n\t<meta name=\"twitter:data1\" content=\"1 minute\" \/>\n<script type=\"application\/ld+json\" class=\"yoast-schema-graph\">{\"@context\":\"https:\\\/\\\/schema.org\",\"@graph\":[{\"@type\":\"WebPage\",\"@id\":\"https:\\\/\\\/staynorth.no\\\/kontakt\\\/\",\"url\":\"https:\\\/\\\/staynorth.no\\\/kontakt\\\/\",\"name\":\"Kontakt - Stay North\",\"isPartOf\":{\"@id\":\"https:\\\/\\\/staynorth.no\\\/#website\"},\"primaryImageOfPage\":{\"@id\":\"https:\\\/\\\/staynorth.no\\\/kontakt\\\/#primaryimage\"},\"image\":{\"@id\":\"https:\\\/\\\/staynorth.no\\\/kontakt\\\/#primaryimage\"},\"thumbnailUrl\":\"https:\\\/\\\/staynorth.no\\\/wp-content\\\/uploads\\\/2026\\\/04\\\/286550_Gronnegata-130-WEB.jpg\",\"datePublished\":\"2024-08-13T11:59:35+00:00\",\"dateModified\":\"2026-04-08T08:05:09+00:00\",\"description\":\"Trenger du hjelp? Kontakt Stay North for sp\u00f8rsm\u00e5l om v\u00e5re leiligheter. Vi er her for \u00e5 assistere deg. Mer plass, mer frihet.\",\"breadcrumb\":{\"@id\":\"https:\\\/\\\/staynorth.no\\\/kontakt\\\/#breadcrumb\"},\"inLanguage\":\"en-GB\",\"potentialAction\":[{\"@type\":\"ReadAction\",\"target\":[\"https:\\\/\\\/staynorth.no\\\/kontakt\\\/\"]}]},{\"@type\":\"ImageObject\",\"inLanguage\":\"en-GB\",\"@id\":\"https:\\\/\\\/staynorth.no\\\/kontakt\\\/#primaryimage\",\"url\":\"https:\\\/\\\/staynorth.no\\\/wp-content\\\/uploads\\\/2026\\\/04\\\/286550_Gronnegata-130-WEB.jpg\",\"contentUrl\":\"https:\\\/\\\/staynorth.no\\\/wp-content\\\/uploads\\\/2026\\\/04\\\/286550_Gronnegata-130-WEB.jpg\",\"width\":1800,\"height\":1442},{\"@type\":\"BreadcrumbList\",\"@id\":\"https:\\\/\\\/staynorth.no\\\/kontakt\\\/#breadcrumb\",\"itemListElement\":[{\"@type\":\"ListItem\",\"position\":1,\"name\":\"Hjem\",\"item\":\"https:\\\/\\\/staynorth.no\\\/\"},{\"@type\":\"ListItem\",\"position\":2,\"name\":\"Kontakt\"}]},{\"@type\":\"WebSite\",\"@id\":\"https:\\\/\\\/staynorth.no\\\/#website\",\"url\":\"https:\\\/\\\/staynorth.no\\\/\",\"name\":\"Stay North\",\"description\":\"\",\"publisher\":{\"@id\":\"https:\\\/\\\/staynorth.no\\\/#organization\"},\"potentialAction\":[{\"@type\":\"SearchAction\",\"target\":{\"@type\":\"EntryPoint\",\"urlTemplate\":\"https:\\\/\\\/staynorth.no\\\/?s={search_term_string}\"},\"query-input\":{\"@type\":\"PropertyValueSpecification\",\"valueRequired\":true,\"valueName\":\"search_term_string\"}}],\"inLanguage\":\"en-GB\"},{\"@type\":\"Organization\",\"@id\":\"https:\\\/\\\/staynorth.no\\\/#organization\",\"name\":\"Stay North\",\"url\":\"https:\\\/\\\/staynorth.no\\\/\",\"logo\":{\"@type\":\"ImageObject\",\"inLanguage\":\"en-GB\",\"@id\":\"https:\\\/\\\/staynorth.no\\\/#\\\/schema\\\/logo\\\/image\\\/\",\"url\":\"https:\\\/\\\/staynorth.no\\\/wp-content\\\/uploads\\\/2024\\\/08\\\/stay_north_logo_liggende_pos.svg\",\"contentUrl\":\"https:\\\/\\\/staynorth.no\\\/wp-content\\\/uploads\\\/2024\\\/08\\\/stay_north_logo_liggende_pos.svg\",\"width\":2800,\"height\":383,\"caption\":\"Stay North\"},\"image\":{\"@id\":\"https:\\\/\\\/staynorth.no\\\/#\\\/schema\\\/logo\\\/image\\\/\"}}]}<\/script>\n<!-- \/ Yoast SEO plugin. -->","yoast_head_json":{"title":"Contact - Stay North","description":"Do you need help? Contact Stay North for questions about our apartments. We are here to assist you. More space, more freedom.","robots":{"index":"index","follow":"follow","max-snippet":"max-snippet:-1","max-image-preview":"max-image-preview:large","max-video-preview":"max-video-preview:-1"},"canonical":"https:\/\/staynorth.no\/en\/contact-2\/","og_locale":"en_GB","og_type":"article","og_title":"Kontakt - Stay North","og_description":"Trenger du hjelp? Kontakt Stay North for sp\u00f8rsm\u00e5l om v\u00e5re leiligheter. Vi er her for \u00e5 assistere deg. Mer plass, mer frihet.","og_url":"https:\/\/staynorth.no\/en\/contact-2\/","og_site_name":"Stay North","article_modified_time":"2026-04-08T08:05:09+00:00","og_image":[{"width":1800,"height":1442,"url":"https:\/\/staynorth.no\/wp-content\/uploads\/2026\/04\/286550_Gronnegata-130-WEB.jpg","type":"image\/jpeg"}],"twitter_card":"summary_large_image","twitter_misc":{"Estimated reading time":"1 minute"},"schema":{"@context":"https:\/\/schema.org","@graph":[{"@type":"WebPage","@id":"https:\/\/staynorth.no\/kontakt\/","url":"https:\/\/staynorth.no\/kontakt\/","name":"Contact - Stay North","isPartOf":{"@id":"https:\/\/staynorth.no\/#website"},"primaryImageOfPage":{"@id":"https:\/\/staynorth.no\/kontakt\/#primaryimage"},"image":{"@id":"https:\/\/staynorth.no\/kontakt\/#primaryimage"},"thumbnailUrl":"https:\/\/staynorth.no\/wp-content\/uploads\/2026\/04\/286550_Gronnegata-130-WEB.jpg","datePublished":"2024-08-13T11:59:35+00:00","dateModified":"2026-04-08T08:05:09+00:00","description":"Do you need help? Contact Stay North for questions about our apartments. We are here to assist you. More space, more freedom.","breadcrumb":{"@id":"https:\/\/staynorth.no\/kontakt\/#breadcrumb"},"inLanguage":"en-GB","potentialAction":[{"@type":"ReadAction","target":["https:\/\/staynorth.no\/kontakt\/"]}]},{"@type":"ImageObject","inLanguage":"en-GB","@id":"https:\/\/staynorth.no\/kontakt\/#primaryimage","url":"https:\/\/staynorth.no\/wp-content\/uploads\/2026\/04\/286550_Gronnegata-130-WEB.jpg","contentUrl":"https:\/\/staynorth.no\/wp-content\/uploads\/2026\/04\/286550_Gronnegata-130-WEB.jpg","width":1800,"height":1442},{"@type":"BreadcrumbList","@id":"https:\/\/staynorth.no\/kontakt\/#breadcrumb","itemListElement":[{"@type":"ListItem","position":1,"name":"Hjem","item":"https:\/\/staynorth.no\/"},{"@type":"ListItem","position":2,"name":"Kontakt"}]},{"@type":"WebSite","@id":"https:\/\/staynorth.no\/#website","url":"https:\/\/staynorth.no\/","name":"Stay North","description":"","publisher":{"@id":"https:\/\/staynorth.no\/#organization"},"potentialAction":[{"@type":"SearchAction","target":{"@type":"EntryPoint","urlTemplate":"https:\/\/staynorth.no\/?s={search_term_string}"},"query-input":{"@type":"PropertyValueSpecification","valueRequired":true,"valueName":"search_term_string"}}],"inLanguage":"en-GB"},{"@type":"Organization","@id":"https:\/\/staynorth.no\/#organization","name":"Stay North","url":"https:\/\/staynorth.no\/","logo":{"@type":"ImageObject","inLanguage":"en-GB","@id":"https:\/\/staynorth.no\/#\/schema\/logo\/image\/","url":"https:\/\/staynorth.no\/wp-content\/uploads\/2024\/08\/stay_north_logo_liggende_pos.svg","contentUrl":"https:\/\/staynorth.no\/wp-content\/uploads\/2024\/08\/stay_north_logo_liggende_pos.svg","width":2800,"height":383,"caption":"Stay North"},"image":{"@id":"https:\/\/staynorth.no\/#\/schema\/logo\/image\/"}}]}},"_links":{"self":[{"href":"https:\/\/staynorth.no\/en\/wp-json\/wp\/v2\/pages\/22","targetHints":{"allow":["GET"]}}],"collection":[{"href":"https:\/\/staynorth.no\/en\/wp-json\/wp\/v2\/pages"}],"about":[{"href":"https:\/\/staynorth.no\/en\/wp-json\/wp\/v2\/types\/page"}],"author":[{"embeddable":true,"href":"https:\/\/staynorth.no\/en\/wp-json\/wp\/v2\/users\/1"}],"replies":[{"embeddable":true,"href":"https:\/\/staynorth.no\/en\/wp-json\/wp\/v2\/comments?post=22"}],"version-history":[{"count":0,"href":"https:\/\/staynorth.no\/en\/wp-json\/wp\/v2\/pages\/22\/revisions"}],"wp:featuredmedia":[{"embeddable":true,"href":"https:\/\/staynorth.no\/en\/wp-json\/wp\/v2\/media\/643"}],"wp:attachment":[{"href":"https:\/\/staynorth.no\/en\/wp-json\/wp\/v2\/media?parent=22"}],"curies":[{"name":"wp","href":"https:\/\/api.w.org\/{rel}","templated":true}]}}